{"id":894,"date":"2024-04-17T20:12:36","date_gmt":"2024-04-17T19:12:36","guid":{"rendered":"https:\/\/tribevibe.one\/product\/handgemachte-raeucherbox-staebchen-kegel-seile-staender\/"},"modified":"2024-06-22T11:39:26","modified_gmt":"2024-06-22T10:39:26","slug":"handgemachte-raeucherbox-staebchen-kegel-seile-staender","status":"publish","type":"product","link":"https:\/\/tribevibe.one\/de\/produkt\/handgemachte-raeucherbox-staebchen-kegel-seile-staender\/","title":{"rendered":"Handgemachte R\u00e4ucherbox (St\u00e4bchen, Kegel, Seile &amp; Halter)"},"content":{"rendered":"","protected":false},"excerpt":{"rendered":"<p>Unser kostbares, nat\u00fcrliches und handgemachtes R\u00e4ucherwerk wird aus heiligen Blumen hergestellt, die nach Gebeten und Zeremonien von den heiligsten St\u00e4tten und Tempeln Kathmandus, Nepal, eingesammelt werden. Eine Wiedergeburt geopferter Blumen, gesegnet von hingegebenen Menschen und vermischt mit feinen Himalaya-Kr\u00e4utern.<\/p>\n<p>Wir beziehen unser heiliges R\u00e4ucherwerk von einem kleinen, von Frauen gef\u00fchrten R\u00e4uchergesch\u00e4ft mit viel Bedeutung hinter ihrer Herstellung. Neben dem Sauber halten der heiligen Orte und dem Recycling der kostbaren Blumen, erm\u00f6glicht das Projekt Frauen aus den lokalen Gemeinden, an einer kostenlosen Ausbildung teilzunehmen, um das Handwerk der R\u00e4ucherherstellung zu erlernen und ein gutes Einkommen mit fairen L\u00f6hnen pro B\u00fcndel zu erhalten, w\u00e4hrend sie in ihrem eigenen Rhythmus von zu Hause aus arbeiten und bei ihren Familien sein k\u00f6nnen.<\/p>\n<p>Die R\u00e4ucherbox besteht aus \u201eLokta-Papier\u201c, einem handgefertigten Kunsthandwerkspapier, das in Nepal heimisch ist. Jedes Paket enth\u00e4lt einen Halter f\u00fcr das R\u00e4ucherwerk. Bitte achten sie auf eine Bewusste Benutzung in einem Brandgesch\u00fctztem Umfeld.<\/p>\n<p><strong>Verwandte Blogartikel:<\/strong><br \/>\n<a href=\"https:\/\/tribevibe.one\/beyond-fair-trade\/\" target=\"_blank\" rel=\"noopener\">\u2013 Mehr als Fair Trade<\/a><br \/>\n<a href=\"https:\/\/tribevibe.one\/natural-incense\" target=\"_blank\" rel=\"noopener\">&#8211; Nat\u00fcrliches R\u00e4ucherwerk<\/a><br \/>\n<a href=\"https:\/\/tribevibe.one\/how-it-started\" target=\"_blank\" rel=\"noopener\">&#8211; Wie alles begann<\/a><\/p>\n<details>\n<summary>Zutaten:<span class=\"icon\"><svg aria-hidden=\"true\" focusable=\"false\" role=\"presentation\" class=\"icon icon-caret\" viewBox=\"0 0 10 6\">\n  <path fill-rule=\"evenodd\" clip-rule=\"evenodd\" d=\"M9.354.646a.5.5 0 00-.708 0L5 4.293 1.354.646a.5.5 0 00-.708.708l4 4a.5.5 0 00.708 0l4-4a.5.5 0 000-.708z\" fill=\"currentColor\">\n<\/path><\/svg><\/span><\/summary>\n<p>&nbsp;<\/p>\n<p>Blumen, Himalaya-Kr\u00e4uter, \u00e4therische \u00d6le<\/p>\n<\/details>\n<details>\n<summary>Gr\u00f6\u00dfenangaben:<span class=\"icon\"><svg aria-hidden=\"true\" focusable=\"false\" role=\"presentation\" class=\"icon icon-caret\" viewBox=\"0 0 10 6\">\n  <path fill-rule=\"evenodd\" clip-rule=\"evenodd\" d=\"M9.354.646a.5.5 0 00-.708 0L5 4.293 1.354.646a.5.5 0 00-.708.708l4 4a.5.5 0 00.708 0l4-4a.5.5 0 000-.708z\" fill=\"currentColor\">\n<\/path><\/svg><\/span><\/summary>\n<p>&nbsp;<\/p>\n<p>L\u00e4nge 25cm, H\u00f6he 5,5cm, Breite 9cm<\/p>\n<\/details>\n","protected":false},"featured_media":1256,"comment_status":"closed","ping_status":"closed","template":"","meta":{"site-sidebar-layout":"default","site-content-layout":"","ast-site-content-layout":"default","site-content-style":"default","site-sidebar-style":"default","ast-global-header-display":"","ast-banner-title-visibility":"","ast-main-header-display":"","ast-hfb-above-header-display":"","ast-hfb-below-header-display":"","ast-hfb-mobile-header-display":"","site-post-title":"","ast-breadcrumbs-content":"","ast-featured-img":"","footer-sml-layout":"","theme-transparent-header-meta":"default","adv-header-id-meta":"","stick-header-meta":"","header-above-stick-meta":"","header-main-stick-meta":"","header-below-stick-meta":"","astra-migrate-meta-layouts":"set","ast-page-background-enabled":"default","ast-page-background-meta":{"desktop":{"background-color":"var(--ast-global-color-4)","background-image":"","background-repeat":"repeat","background-position":"center center","background-size":"auto","background-attachment":"scroll","background-type":"","background-media":"","overlay-type":"","overlay-color":"","overlay-opacity":"","overlay-gradient":""},"tablet":{"background-color":"","background-image":"","background-repeat":"repeat","background-position":"center center","background-size":"auto","background-attachment":"scroll","background-type":"","background-media":"","overlay-type":"","overlay-color":"","overlay-opacity":"","overlay-gradient":""},"mobile":{"background-color":"","background-image":"","background-repeat":"repeat","background-position":"center center","background-size":"auto","background-attachment":"scroll","background-type":"","background-media":"","overlay-type":"","overlay-color":"","overlay-opacity":"","overlay-gradient":""}},"ast-content-background-meta":{"desktop":{"background-color":"var(--ast-global-color-5)","background-image":"","background-repeat":"repeat","background-position":"center center","background-size":"auto","background-attachment":"scroll","background-type":"","background-media":"","overlay-type":"","overlay-color":"","overlay-opacity":"","overlay-gradient":""},"tablet":{"background-color":"var(--ast-global-color-5)","background-image":"","background-repeat":"repeat","background-position":"center center","background-size":"auto","background-attachment":"scroll","background-type":"","background-media":"","overlay-type":"","overlay-color":"","overlay-opacity":"","overlay-gradient":""},"mobile":{"background-color":"var(--ast-global-color-5)","background-image":"","background-repeat":"repeat","background-position":"center center","background-size":"auto","background-attachment":"scroll","background-type":"","background-media":"","overlay-type":"","overlay-color":"","overlay-opacity":"","overlay-gradient":""}}},"product_brand":[],"product_cat":[99],"product_tag":[],"class_list":{"0":"post-894","1":"product","2":"type-product","3":"status-publish","4":"has-post-thumbnail","6":"product_cat-weihrauch","7":"desktop-align-left","8":"tablet-align-left","9":"mobile-align-left","11":"first","12":"instock","13":"shipping-taxable","14":"purchasable","15":"product-type-simple"},"_links":{"self":[{"href":"https:\/\/tribevibe.one\/de\/wp-json\/wp\/v2\/product\/894","targetHints":{"allow":["GET"]}}],"collection":[{"href":"https:\/\/tribevibe.one\/de\/wp-json\/wp\/v2\/product"}],"about":[{"href":"https:\/\/tribevibe.one\/de\/wp-json\/wp\/v2\/types\/product"}],"replies":[{"embeddable":true,"href":"https:\/\/tribevibe.one\/de\/wp-json\/wp\/v2\/comments?post=894"}],"wp:featuredmedia":[{"embeddable":true,"href":"https:\/\/tribevibe.one\/de\/wp-json\/wp\/v2\/media\/1256"}],"wp:attachment":[{"href":"https:\/\/tribevibe.one\/de\/wp-json\/wp\/v2\/media?parent=894"}],"wp:term":[{"taxonomy":"product_brand","embeddable":true,"href":"https:\/\/tribevibe.one\/de\/wp-json\/wp\/v2\/product_brand?post=894"},{"taxonomy":"product_cat","embeddable":true,"href":"https:\/\/tribevibe.one\/de\/wp-json\/wp\/v2\/product_cat?post=894"},{"taxonomy":"product_tag","embeddable":true,"href":"https:\/\/tribevibe.one\/de\/wp-json\/wp\/v2\/product_tag?post=894"}],"curies":[{"name":"wp","href":"https:\/\/api.w.org\/{rel}","templated":true}]}}